{"id":315,"date":"2021-01-27T18:28:22","date_gmt":"2021-01-27T15:28:22","guid":{"rendered":"http:\/\/dolsar.com.tr\/eng\/?page_id=315"},"modified":"2021-08-19T18:20:39","modified_gmt":"2021-08-19T15:20:39","slug":"water","status":"publish","type":"page","link":"https:\/\/dolsar.com.tr\/eng\/water\/","title":{"rendered":"Water"},"content":{"rendered":"<p>In the field of\u00a0<strong><span style=\"color: #fc7323;\">Water<\/span>,<\/strong> DOLSAR has contributed to several projects at various stages related to dams, reservoirs, weirs, water supply and distribution, sewerage and storm water, irrigation and drainage.<\/p>\n<p>DOLSAR has successfully provided engineering and consultancy services for more than two hundred dams, reservoirs and weirs in various types and heights ranging from few meters up to 272 m. These projects include the largest dams in Turkey and in the world from the height point of view such as\u00a0Diamer Basha (272 m), Yusufeli (270 m), Deriner (249 m), Dasu (242 m), Ermenek (230 m) and from the fill volume point of view such as Atat\u00fcrk (84.5 million\u00a0m<sup>3<\/sup>). DOLSAR has also contributed to the water supply and distribution projects of the large cities and various towns including Istanbul, Ankara, \u0130zmir, Adana, Gaziantep and some provinces in Azerbaijan and Pakistan and challenging projects such as Cyprus Water Supply Project.\u00a0 DOLSAR\u2019s experience also covers sewerage and storm water projects of several cities and settlements including Istanbul, Eski\u015fehir, Kahramanmara\u015f and Mu\u011fla and various provinces in Azerbaijan and Pakistan. DOLSAR has also contributed to several irrigation projects totalling to an irrigation area of more than 2 million hectares including projects such as the Management, Operation and Maintenance of GAP (Southeastern Anatolia Project) Irrigation Systems Project. DOLSAR represents extensive experience in tunnels for irrigation, energy production and water supply including projects such as the \u015eanl\u0131urfa Tunnels\u00a0(total length 52 km, diameter 7.62 m)\u00a0which is among the longest irrigation tunnels in the world.<\/p>\n<p><img loading=\"lazy\" decoding=\"async\" class=\"alignnone size-full wp-image-449\" src=\"http:\/\/dolsar.com.tr\/eng\/wp-content\/uploads\/2021\/02\/Su.jpg\" alt=\"\" width=\"1920\" height=\"265\" srcset=\"https:\/\/dolsar.com.tr\/eng\/wp-content\/uploads\/2021\/02\/Su.jpg 1920w, https:\/\/dolsar.com.tr\/eng\/wp-content\/uploads\/2021\/02\/Su-1024x141.jpg 1024w, https:\/\/dolsar.com.tr\/eng\/wp-content\/uploads\/2021\/02\/Su-768x106.jpg 768w, https:\/\/dolsar.com.tr\/eng\/wp-content\/uploads\/2021\/02\/Su-1536x212.jpg 1536w, https:\/\/dolsar.com.tr\/eng\/wp-content\/uploads\/2021\/02\/Su-640x88.jpg 640w, https:\/\/dolsar.com.tr\/eng\/wp-content\/uploads\/2021\/02\/Su-400x55.jpg 400w, https:\/\/dolsar.com.tr\/eng\/wp-content\/uploads\/2021\/02\/Su-367x51.jpg 367w\" sizes=\"auto, (max-width: 1920px) 100vw, 1920px\" \/><\/p>\n<p>In the field of water, DOLSAR also conducts large scale studies related to basin management, as well as water supply, sewerage master plans and rural development plans. DOLSAR\u2019s experience includes studies such as Istanbul Water and Sewerage Master Plan, Ankara Water Supply Master Plan and Feasibility Study, K\u0131z\u0131l\u0131rmak Basin Master Plan and Akar\u00e7ay, West Blacksea, Ye\u015fil\u0131rmak Basins Management Plans.<\/p>\n<p>DOLSAR is authorised and certified by the State Hydraulic Works of Turkish Republic, Ministry of Agriculture and Forestry to conduct Construction Supervision Services for Water and Hydraulic Structures.<\/p>\n<p><a href=\"http:\/\/dolsar.com.tr\/eng\/projects-water\/\"><span style=\"color: #fc7323;\"><strong>(Selected Projects- Water)<\/strong><\/span><\/a><\/p>\n","protected":false},"excerpt":{"rendered":"<p>In the field of\u00a0Water, DOLSAR has contributed to several projects at various stages related to dams, reservoirs, weirs, water supply and distribution, sewerage and storm water, irrigation and drainage. DOLSAR has successfully provided engineering and consultancy services for more than two hundred dams, reservoirs and weirs in various types and heights ranging from few meters [&hellip;]<\/p>\n","protected":false},"author":1,"featured_media":0,"parent":0,"menu_order":0,"comment_status":"closed","ping_status":"closed","template":"","meta":{"footnotes":""},"class_list":["post-315","page","type-page","status-publish","hentry"],"_links":{"self":[{"href":"https:\/\/dolsar.com.tr\/eng\/wp-json\/wp\/v2\/pages\/315","targetHints":{"allow":["GET"]}}],"collection":[{"href":"https:\/\/dolsar.com.tr\/eng\/wp-json\/wp\/v2\/pages"}],"about":[{"href":"https:\/\/dolsar.com.tr\/eng\/wp-json\/wp\/v2\/types\/page"}],"author":[{"embeddable":true,"href":"https:\/\/dolsar.com.tr\/eng\/wp-json\/wp\/v2\/users\/1"}],"replies":[{"embeddable":true,"href":"https:\/\/dolsar.com.tr\/eng\/wp-json\/wp\/v2\/comments?post=315"}],"version-history":[{"count":0,"href":"https:\/\/dolsar.com.tr\/eng\/wp-json\/wp\/v2\/pages\/315\/revisions"}],"wp:attachment":[{"href":"https:\/\/dolsar.com.tr\/eng\/wp-json\/wp\/v2\/media?parent=315"}],"curies":[{"name":"wp","href":"https:\/\/api.w.org\/{rel}","templated":true}]}}