{"id":317,"date":"2021-01-27T18:28:50","date_gmt":"2021-01-27T15:28:50","guid":{"rendered":"http:\/\/dolsar.com.tr\/eng\/?page_id=317"},"modified":"2021-08-19T18:21:04","modified_gmt":"2021-08-19T15:21:04","slug":"transportation","status":"publish","type":"page","link":"https:\/\/dolsar.com.tr\/eng\/transportation\/","title":{"rendered":"Transportation"},"content":{"rendered":"<p>In the field of\u00a0<strong><span style=\"color: #fc7323;\">Transportation<\/span>,<\/strong> DOLSAR performs engineering and consultancy services for roads, motorways, railways, airports and sea ports and their appurtenant structures including tunnels, viaducts and bridges.<\/p>\n<p>Services provided include preparation of master plan and feasibility reports, conceptual\/final design, application drawings, technical specifications, bill of quantities, cost estimates, tender documents, assistance to the Clients during contract negotiations as well as performance of construction supervision, preliminary and final acceptances, commissioning, monitoring and rehabilitation services during operation period. DOLSAR also provides Lenders\u2019 Technical Advisory services at all stages of projects for banks and international financial institutions that contribute to the financing of projects carried out by investors under Public-Private-Partnership (PPP) model.<\/p>\n<p><img loading=\"lazy\" decoding=\"async\" class=\"alignnone size-full wp-image-446\" src=\"http:\/\/dolsar.com.tr\/eng\/wp-content\/uploads\/2021\/02\/ulasim.jpg\" alt=\"\" width=\"1920\" height=\"265\" srcset=\"https:\/\/dolsar.com.tr\/eng\/wp-content\/uploads\/2021\/02\/ulasim.jpg 1920w, https:\/\/dolsar.com.tr\/eng\/wp-content\/uploads\/2021\/02\/ulasim-1024x141.jpg 1024w, https:\/\/dolsar.com.tr\/eng\/wp-content\/uploads\/2021\/02\/ulasim-768x106.jpg 768w, https:\/\/dolsar.com.tr\/eng\/wp-content\/uploads\/2021\/02\/ulasim-1536x212.jpg 1536w, https:\/\/dolsar.com.tr\/eng\/wp-content\/uploads\/2021\/02\/ulasim-640x88.jpg 640w, https:\/\/dolsar.com.tr\/eng\/wp-content\/uploads\/2021\/02\/ulasim-400x55.jpg 400w, https:\/\/dolsar.com.tr\/eng\/wp-content\/uploads\/2021\/02\/ulasim-367x51.jpg 367w\" sizes=\"auto, (max-width: 1920px) 100vw, 1920px\" \/><\/p>\n<p>DOLSAR\u2019s experience in this filed includes projects such as Istanbul Airport (165 mio pass.\/annum), Gebze-\u0130zmir Motorway (507 km), Northern Marmara Motorway (194 km), Karakoram Motorway (130 km), Havelian-Thakot Motorway (120 km), Milot-Morine Motorway (115 km), Kaya\u015f-K\u0131r\u0131kkale Double Track Railway (80 km) and Silifke-Mut State Highway (78 km). Studies performed in the field of transportation include Derince Port Master Plan and Feasibility Report, Master Plan for Hinterland Railways and Highways Connections of Seaports in Turkey and Master Plan for Fishery Coastal Structures of Turkey.<\/p>\n<p>The total length of roads, highways and railways projects for which engineering and consultancy services have been performed exceeds 2,500 km.<\/p>\n<p><a href=\"http:\/\/dolsar.com.tr\/eng\/projects-transportation\/\"><span style=\"color: #fc7323;\"><strong>(Selected Projects &#8211; Transportation)<\/strong><\/span><\/a><\/p>\n","protected":false},"excerpt":{"rendered":"<p>In the field of\u00a0Transportation, DOLSAR performs engineering and consultancy services for roads, motorways, railways, airports and sea ports and their appurtenant structures including tunnels, viaducts and bridges. Services provided include preparation of master plan and feasibility reports, conceptual\/final design, application drawings, technical specifications, bill of quantities, cost estimates, tender documents, assistance to the Clients during [&hellip;]<\/p>\n","protected":false},"author":1,"featured_media":0,"parent":0,"menu_order":0,"comment_status":"closed","ping_status":"closed","template":"","meta":{"footnotes":""},"class_list":["post-317","page","type-page","status-publish","hentry"],"_links":{"self":[{"href":"https:\/\/dolsar.com.tr\/eng\/wp-json\/wp\/v2\/pages\/317","targetHints":{"allow":["GET"]}}],"collection":[{"href":"https:\/\/dolsar.com.tr\/eng\/wp-json\/wp\/v2\/pages"}],"about":[{"href":"https:\/\/dolsar.com.tr\/eng\/wp-json\/wp\/v2\/types\/page"}],"author":[{"embeddable":true,"href":"https:\/\/dolsar.com.tr\/eng\/wp-json\/wp\/v2\/users\/1"}],"replies":[{"embeddable":true,"href":"https:\/\/dolsar.com.tr\/eng\/wp-json\/wp\/v2\/comments?post=317"}],"version-history":[{"count":0,"href":"https:\/\/dolsar.com.tr\/eng\/wp-json\/wp\/v2\/pages\/317\/revisions"}],"wp:attachment":[{"href":"https:\/\/dolsar.com.tr\/eng\/wp-json\/wp\/v2\/media?parent=317"}],"curies":[{"name":"wp","href":"https:\/\/api.w.org\/{rel}","templated":true}]}}