{"id":319,"date":"2021-01-27T18:29:10","date_gmt":"2021-01-27T15:29:10","guid":{"rendered":"http:\/\/dolsar.com.tr\/eng\/?page_id=319"},"modified":"2021-08-19T18:21:22","modified_gmt":"2021-08-19T15:21:22","slug":"environment","status":"publish","type":"page","link":"https:\/\/dolsar.com.tr\/eng\/environment\/","title":{"rendered":"Environment"},"content":{"rendered":"<p>In the field of\u00a0<strong><span style=\"color: #fc7323;\">Environment<\/span>,<\/strong> DOLSAR conducts environmental and social impact assessment and monitoring services and also performs engineering and consultancy services in relation with potable water treatment plants, waste water treatment plants, deep see discharge facilities, waste management, flood and drought management.<\/p>\n<p>DOLSAR is authorised and certified by the Ministry of Environment and Urbanisation to conduct environmental impact assessment studies as well as environmental impact monitoring services and have been performing such services for numerous projects especially in the fields of energy, water supply and transportation. DOLSAR has been providing similar services for international financing institutions, ECA\u2019s and possesses extensive experience related to such studies as well.<\/p>\n<p><img loading=\"lazy\" decoding=\"async\" class=\"alignnone size-full wp-image-443\" src=\"http:\/\/dolsar.com.tr\/eng\/wp-content\/uploads\/2021\/02\/cevre.jpg\" alt=\"\" width=\"1920\" height=\"265\" srcset=\"https:\/\/dolsar.com.tr\/eng\/wp-content\/uploads\/2021\/02\/cevre.jpg 1920w, https:\/\/dolsar.com.tr\/eng\/wp-content\/uploads\/2021\/02\/cevre-1024x141.jpg 1024w, https:\/\/dolsar.com.tr\/eng\/wp-content\/uploads\/2021\/02\/cevre-768x106.jpg 768w, https:\/\/dolsar.com.tr\/eng\/wp-content\/uploads\/2021\/02\/cevre-1536x212.jpg 1536w, https:\/\/dolsar.com.tr\/eng\/wp-content\/uploads\/2021\/02\/cevre-640x88.jpg 640w, https:\/\/dolsar.com.tr\/eng\/wp-content\/uploads\/2021\/02\/cevre-400x55.jpg 400w, https:\/\/dolsar.com.tr\/eng\/wp-content\/uploads\/2021\/02\/cevre-367x51.jpg 367w\" sizes=\"auto, (max-width: 1920px) 100vw, 1920px\" \/><\/p>\n<p>DOLSAR\u2019s experience related to potable treatment plants covers several projects with capacities ranging from 42,500 m<sup>3<\/sup>\/day to 1,050,000 m<sup>3<\/sup>\/day including Gaziantep (D\u00fczba\u011f-Kartalkaya) Potable Water Treatment Plant (1,050,000 m<sup>3<\/sup>\/day), Antalya \u2013Karaca\u00f6ren Potable Water Treatment Plant (700,000 m<sup>3<\/sup>\/day) and \u0130zmit Potable Water Treatment Plant (480,000 m<sup>3<\/sup>\/day). Likewise DOLSAR\u2019s experience related to wastewater treatment plants covers numerous projects with capacities ranging from 3.240 m<sup>3<\/sup>\/day to 202,800 m<sup>3<\/sup>\/day including Van Wastewater Treatment Plant (202,800 m<sup>3<\/sup>\/day), Serik (Antalya) Wastewater Treatment Plant (135,000 m<sup>3<\/sup>\/day) and Gebze (Kocaeli) Wastewater Treatment Plant (120,000 m<sup>3<\/sup>\/day).<\/p>\n<p>In the field of environment, DOLSAR also conducts large scale studies related to flood and drought management plans. DOLSAR\u2019s experience includes studies such as Marmara Basin Flood Management Plan, Edirne-Ergene Flood Protection Planning Report and Drought Management Plans for K\u0131z\u0131l\u0131rmak, Konya, Antalya, Burdur Basins.<\/p>\n<p><a href=\"http:\/\/dolsar.com.tr\/eng\/project-environment\/\"><span style=\"color: #fc7323;\"><strong>(Selected Projects &#8211; Environment)<\/strong><\/span><\/a><\/p>\n","protected":false},"excerpt":{"rendered":"<p>In the field of\u00a0Environment, DOLSAR conducts environmental and social impact assessment and monitoring services and also performs engineering and consultancy services in relation with potable water treatment plants, waste water treatment plants, deep see discharge facilities, waste management, flood and drought management. DOLSAR is authorised and certified by the Ministry of Environment and Urbanisation to [&hellip;]<\/p>\n","protected":false},"author":1,"featured_media":0,"parent":0,"menu_order":0,"comment_status":"closed","ping_status":"closed","template":"","meta":{"footnotes":""},"class_list":["post-319","page","type-page","status-publish","hentry"],"_links":{"self":[{"href":"https:\/\/dolsar.com.tr\/eng\/wp-json\/wp\/v2\/pages\/319","targetHints":{"allow":["GET"]}}],"collection":[{"href":"https:\/\/dolsar.com.tr\/eng\/wp-json\/wp\/v2\/pages"}],"about":[{"href":"https:\/\/dolsar.com.tr\/eng\/wp-json\/wp\/v2\/types\/page"}],"author":[{"embeddable":true,"href":"https:\/\/dolsar.com.tr\/eng\/wp-json\/wp\/v2\/users\/1"}],"replies":[{"embeddable":true,"href":"https:\/\/dolsar.com.tr\/eng\/wp-json\/wp\/v2\/comments?post=319"}],"version-history":[{"count":0,"href":"https:\/\/dolsar.com.tr\/eng\/wp-json\/wp\/v2\/pages\/319\/revisions"}],"wp:attachment":[{"href":"https:\/\/dolsar.com.tr\/eng\/wp-json\/wp\/v2\/media?parent=319"}],"curies":[{"name":"wp","href":"https:\/\/api.w.org\/{rel}","templated":true}]}}