{"id":321,"date":"2021-01-27T18:29:34","date_gmt":"2021-01-27T15:29:34","guid":{"rendered":"http:\/\/dolsar.com.tr\/eng\/?page_id=321"},"modified":"2021-08-17T11:38:54","modified_gmt":"2021-08-17T08:38:54","slug":"buildings","status":"publish","type":"page","link":"https:\/\/dolsar.com.tr\/eng\/buildings\/","title":{"rendered":"Buildings"},"content":{"rendered":"<p>In the field of\u00a0<strong>Buildings<\/strong>, DOLSAR\u2019s experience covers the engineering and consultancy services provided for various types of buildings including educational facilities, laboratory buildings, hospitals, mass housing, business and trade centres, embassies, sports facilities, shopping malls and hotels. Experience in this field includes projects such as; Business Centres in Kocaeli, G\u00f6lc\u00fck and Yalova provinces under \u201cTurkey Infrastructure and Urban Reconstruction Project\u201d (TERRA-1), Educational Facilities, Lodgings and Sports Facilities in 16 provinces within the scope of the Support to Basic Education Project in Turkey, National Food Reference Laboratory in Ankara, Forensic Laboratories in \u0130stanbul, \u0130zmir, Diyarbak\u0131r and Adana, Embassy and Ambassador\u2019s Residence of Ethiopia in Ankara, Trade and Residential Complex in Kampala, Uganda and 40 schools in Istanbul.<\/p>\n<p><img loading=\"lazy\" decoding=\"async\" class=\"alignnone size-full wp-image-441\" src=\"http:\/\/dolsar.com.tr\/eng\/wp-content\/uploads\/2021\/02\/Binalar.jpg\" alt=\"\" width=\"1920\" height=\"265\" srcset=\"https:\/\/dolsar.com.tr\/eng\/wp-content\/uploads\/2021\/02\/Binalar.jpg 1920w, https:\/\/dolsar.com.tr\/eng\/wp-content\/uploads\/2021\/02\/Binalar-1024x141.jpg 1024w, https:\/\/dolsar.com.tr\/eng\/wp-content\/uploads\/2021\/02\/Binalar-768x106.jpg 768w, https:\/\/dolsar.com.tr\/eng\/wp-content\/uploads\/2021\/02\/Binalar-1536x212.jpg 1536w, https:\/\/dolsar.com.tr\/eng\/wp-content\/uploads\/2021\/02\/Binalar-640x88.jpg 640w, https:\/\/dolsar.com.tr\/eng\/wp-content\/uploads\/2021\/02\/Binalar-400x55.jpg 400w, https:\/\/dolsar.com.tr\/eng\/wp-content\/uploads\/2021\/02\/Binalar-367x51.jpg 367w\" sizes=\"auto, (max-width: 1920px) 100vw, 1920px\" \/><\/p>\n<p>Services provided include preparation of architectural design, conceptual\/final design, application drawings, technical specifications, bill of quantities, cost estimates, tender documents, assistance to the Clients during contract negotiations as well as performance of construction supervision, preliminary and final acceptances and commissioning. DOLSAR also provides Lenders\u2019 Technical Advisory services at all stages of projects for banks and international financial institutions that contribute to the financing of projects carried out by investors under Public-Private-Partnership (PPP) model.<\/p>\n<p><a href=\"http:\/\/dolsar.com.tr\/eng\/projects-buildings\/\"><strong>(Selected Projects &#8211; Buildings)<\/strong><\/a><\/p>\n","protected":false},"excerpt":{"rendered":"<p>In the field of\u00a0Buildings, DOLSAR\u2019s experience covers the engineering and consultancy services provided for various types of buildings including educational facilities, laboratory buildings, hospitals, mass housing, business and trade centres, embassies, sports facilities, shopping malls and hotels. Experience in this field includes projects such as; Business Centres in Kocaeli, G\u00f6lc\u00fck and Yalova provinces under \u201cTurkey [&hellip;]<\/p>\n","protected":false},"author":1,"featured_media":0,"parent":0,"menu_order":0,"comment_status":"closed","ping_status":"closed","template":"","meta":{"footnotes":""},"class_list":["post-321","page","type-page","status-publish","hentry"],"_links":{"self":[{"href":"https:\/\/dolsar.com.tr\/eng\/wp-json\/wp\/v2\/pages\/321","targetHints":{"allow":["GET"]}}],"collection":[{"href":"https:\/\/dolsar.com.tr\/eng\/wp-json\/wp\/v2\/pages"}],"about":[{"href":"https:\/\/dolsar.com.tr\/eng\/wp-json\/wp\/v2\/types\/page"}],"author":[{"embeddable":true,"href":"https:\/\/dolsar.com.tr\/eng\/wp-json\/wp\/v2\/users\/1"}],"replies":[{"embeddable":true,"href":"https:\/\/dolsar.com.tr\/eng\/wp-json\/wp\/v2\/comments?post=321"}],"version-history":[{"count":0,"href":"https:\/\/dolsar.com.tr\/eng\/wp-json\/wp\/v2\/pages\/321\/revisions"}],"wp:attachment":[{"href":"https:\/\/dolsar.com.tr\/eng\/wp-json\/wp\/v2\/media?parent=321"}],"curies":[{"name":"wp","href":"https:\/\/api.w.org\/{rel}","templated":true}]}}