{"id":615,"date":"2021-04-21T19:06:51","date_gmt":"2021-04-21T16:06:51","guid":{"rendered":"http:\/\/dolsar.com.tr\/eng\/?page_id=615"},"modified":"2021-08-18T16:04:24","modified_gmt":"2021-08-18T13:04:24","slug":"projects-transportation","status":"publish","type":"page","link":"https:\/\/dolsar.com.tr\/eng\/projects-transportation\/","title":{"rendered":"Transportation"},"content":{"rendered":"<section class=\"wpb-content-wrapper\"><p>[vc_row][vc_column][vc_empty_space height=&#8221;10px&#8221;]<div class=\"porto-u-heading  wpb_custom_95aa9a11c17ad45cfabaf210d84ee7cc porto-u-1149\" data-appear-animation=\"fadeInUp\" data-appear-animation-delay=\"100\"><div class=\"porto-u-main-heading\"><h2   style=\"font-weight:700;color:#4c4c4c;margin-bottom: 30px;font-size:32px;line-height:20px;\">Transportation<\/h2><\/div><style>.porto-u-1149.porto-u-heading{text-align:center}<\/style><\/div>[vc_empty_space height=&#8221;10px&#8221;][\/vc_column][\/vc_row][vc_row parallax=&#8221;content-moving&#8221;][vc_column width=&#8221;1\/4&#8243;]<div class=\"porto-ultimate-content-box-container \"><style>#porto_ucb_4104{will-change: box-shadow;box-shadow: none;}#porto_ucb_4104:hover{box-shadow:none}<\/style><div class=\"porto-ultimate-content-box has-content-pos justify-content-end\" style=\"background-image:url(&#039;https:\/\/dolsar.com.tr\/eng\/wp-content\/uploads\/2021\/04\/ulasim-1.jpg&#039;);background-size: cover;background-repeat: no-repeat;background-position: center center;background-color: rgba(0, 0, 0, 0);\" id=\"porto_ucb_4104\">[vc_empty_space height=&#8221;200px&#8221;]<\/div><\/div><div class=\"porto-u-heading  wpb_custom_95aa9a11c17ad45cfabaf210d84ee7cc porto-u-5291\"><div class=\"porto-u-sub-heading\" style=\"\">\n<p style=\"text-align: center;\">\u0130stanbul Airport<\/p>\n<p><\/div><style>.porto-u-5291.porto-u-heading{text-align:left}<\/style><\/div>[\/vc_column][vc_column width=&#8221;1\/4&#8243;]<div class=\"porto-ultimate-content-box-container \"><style>#porto_ucb_3775{will-change: box-shadow;box-shadow: none;}#porto_ucb_3775:hover{box-shadow:none}<\/style><div class=\"porto-ultimate-content-box has-content-pos justify-content-end\" style=\"background-image:url(&#039;https:\/\/dolsar.com.tr\/eng\/wp-content\/uploads\/2021\/04\/ulasim-2.jpg&#039;);background-size: cover;background-repeat: no-repeat;background-position: center center;background-color: rgba(0, 0, 0, 0);\" id=\"porto_ucb_3775\">[vc_empty_space height=&#8221;200px&#8221;]<\/div><\/div><div class=\"porto-u-heading  wpb_custom_95aa9a11c17ad45cfabaf210d84ee7cc porto-u-6071\"><div class=\"porto-u-sub-heading\" style=\"\">\n<p style=\"text-align: center;\">Northern Marmara Motorway<\/p>\n<p><\/div><style>.porto-u-6071.porto-u-heading{text-align:left}<\/style><\/div>[\/vc_column][vc_column width=&#8221;1\/4&#8243;]<div class=\"porto-ultimate-content-box-container \"><style>#porto_ucb_8083{will-change: box-shadow;box-shadow: none;}#porto_ucb_8083:hover{box-shadow:none}<\/style><div class=\"porto-ultimate-content-box has-content-pos justify-content-end\" style=\"background-image:url(&#039;https:\/\/dolsar.com.tr\/eng\/wp-content\/uploads\/2021\/04\/ulasim-3.jpg&#039;);background-size: cover;background-repeat: no-repeat;background-position: center center;background-color: rgba(0, 0, 0, 0);\" id=\"porto_ucb_8083\">[vc_empty_space height=&#8221;200px&#8221;]<\/div><\/div><div class=\"porto-u-heading  wpb_custom_95aa9a11c17ad45cfabaf210d84ee7cc porto-u-3938\"><div class=\"porto-u-sub-heading\" style=\"\">\n<p style=\"text-align: center;\">Gebze-Orhangazi-\u0130zmir Motorway<\/p>\n<p><\/div><style>.porto-u-3938.porto-u-heading{text-align:left}<\/style><\/div>[\/vc_column][vc_column width=&#8221;1\/4&#8243;]<div class=\"porto-ultimate-content-box-container \"><style>#porto_ucb_2129{will-change: box-shadow;box-shadow: none;}#porto_ucb_2129:hover{box-shadow:none}<\/style><div class=\"porto-ultimate-content-box has-content-pos justify-content-end\" style=\"background-image:url(&#039;https:\/\/dolsar.com.tr\/eng\/wp-content\/uploads\/2021\/04\/ulasim-4.jpg&#039;);background-size: cover;background-repeat: no-repeat;background-position: center center;background-color: rgba(0, 0, 0, 0);\" id=\"porto_ucb_2129\">[vc_empty_space height=&#8221;200px&#8221;]<\/div><\/div><div class=\"porto-u-heading  wpb_custom_95aa9a11c17ad45cfabaf210d84ee7cc porto-u-8191\"><div class=\"porto-u-sub-heading\" style=\"\">\n<p style=\"text-align: center;\">Milot-Marine Motorway<\/p>\n<p><\/div><style>.porto-u-8191.porto-u-heading{text-align:left}<\/style><\/div>[\/vc_column][\/vc_row][vc_row parallax=&#8221;content-moving&#8221;][vc_column width=&#8221;1\/4&#8243;]<div class=\"porto-ultimate-content-box-container \"><style>#porto_ucb_2719{will-change: box-shadow;box-shadow: none;}#porto_ucb_2719:hover{box-shadow:none}<\/style><div class=\"porto-ultimate-content-box has-content-pos justify-content-end\" style=\"background-image:url(&#039;https:\/\/dolsar.com.tr\/eng\/wp-content\/uploads\/2021\/04\/ulasim-5.jpg&#039;);background-size: cover;background-repeat: no-repeat;background-position: center center;background-color: rgba(0, 0, 0, 0);\" id=\"porto_ucb_2719\">[vc_empty_space height=&#8221;200px&#8221;]<\/div><\/div><div class=\"porto-u-heading  wpb_custom_95aa9a11c17ad45cfabaf210d84ee7cc porto-u-7670\"><div class=\"porto-u-sub-heading\" style=\"\">\n<p style=\"text-align: center;\">Karakorum Motorway<\/p>\n<p><\/div><style>.porto-u-7670.porto-u-heading{text-align:left}<\/style><\/div>[\/vc_column][vc_column width=&#8221;1\/4&#8243;]<div class=\"porto-ultimate-content-box-container \"><style>#porto_ucb_9686{will-change: box-shadow;box-shadow: none;}#porto_ucb_9686:hover{box-shadow:none}<\/style><div class=\"porto-ultimate-content-box has-content-pos justify-content-end\" style=\"background-image:url(&#039;https:\/\/dolsar.com.tr\/eng\/wp-content\/uploads\/2021\/04\/ulasim-6.jpg&#039;);background-size: cover;background-repeat: no-repeat;background-position: center center;background-color: rgba(0, 0, 0, 0);\" id=\"porto_ucb_9686\">[vc_empty_space height=&#8221;200px&#8221;]<\/div><\/div><div class=\"porto-u-heading  wpb_custom_95aa9a11c17ad45cfabaf210d84ee7cc porto-u-5150\"><div class=\"porto-u-sub-heading\" style=\"\">\n<p style=\"text-align: center;\">Menemen-Alia\u011fa-\u00c7andarl\u0131 Motorway<\/p>\n<p><\/div><style>.porto-u-5150.porto-u-heading{text-align:left}<\/style><\/div>[\/vc_column][vc_column width=&#8221;1\/4&#8243;]<div class=\"porto-ultimate-content-box-container \"><style>#porto_ucb_6560{will-change: box-shadow;box-shadow: none;}#porto_ucb_6560:hover{box-shadow:none}<\/style><div class=\"porto-ultimate-content-box has-content-pos justify-content-end\" style=\"background-image:url(&#039;https:\/\/dolsar.com.tr\/eng\/wp-content\/uploads\/2021\/04\/ulasim-7.jpg&#039;);background-size: cover;background-repeat: no-repeat;background-position: center center;background-color: rgba(0, 0, 0, 0);\" id=\"porto_ucb_6560\">[vc_empty_space height=&#8221;200px&#8221;]<\/div><\/div><div class=\"porto-u-heading  wpb_custom_95aa9a11c17ad45cfabaf210d84ee7cc porto-u-1920\"><div class=\"porto-u-sub-heading\" style=\"\">\n<p style=\"text-align: center;\">Havelian-Thakot Motorway<\/p>\n<p><\/div><style>.porto-u-1920.porto-u-heading{text-align:left}<\/style><\/div>[\/vc_column][vc_column width=&#8221;1\/4&#8243;]<div class=\"porto-ultimate-content-box-container \"><style>#porto_ucb_8097{will-change: box-shadow;box-shadow: none;}#porto_ucb_8097:hover{box-shadow:none}<\/style><div class=\"porto-ultimate-content-box has-content-pos justify-content-end\" style=\"background-image:url(&#039;https:\/\/dolsar.com.tr\/eng\/wp-content\/uploads\/2021\/08\/x8.jpg&#039;);background-size: cover;background-repeat: no-repeat;background-position: center center;background-color: rgba(0, 0, 0, 0);\" id=\"porto_ucb_8097\">[vc_empty_space height=&#8221;200px&#8221;]<\/div><\/div><div class=\"porto-u-heading  wpb_custom_95aa9a11c17ad45cfabaf210d84ee7cc porto-u-5126\"><div class=\"porto-u-sub-heading\" style=\"\">\n<p style=\"text-align: center;\">Nall\u0131han-Mudurnu Junction-G\u00f6yn\u00fck Junction Dokurcun Highway<\/p>\n<p><\/div><style>.porto-u-5126.porto-u-heading{text-align:left}<\/style><\/div>[\/vc_column][\/vc_row][vc_row parallax=&#8221;content-moving&#8221;][vc_column width=&#8221;1\/4&#8243;]<div class=\"porto-ultimate-content-box-container \"><style>#porto_ucb_9895{will-change: box-shadow;box-shadow: none;}#porto_ucb_9895:hover{box-shadow:none}<\/style><div class=\"porto-ultimate-content-box has-content-pos justify-content-end\" style=\"background-image:url(&#039;https:\/\/dolsar.com.tr\/eng\/wp-content\/uploads\/2021\/04\/ulasim-9.jpg&#039;);background-size: cover;background-repeat: no-repeat;background-position: center center;background-color: rgba(0, 0, 0, 0);\" id=\"porto_ucb_9895\">[vc_empty_space height=&#8221;200px&#8221;]<\/div><\/div><div class=\"porto-u-heading  wpb_custom_95aa9a11c17ad45cfabaf210d84ee7cc porto-u-5284\"><div class=\"porto-u-sub-heading\" style=\"\">\n<p style=\"text-align: center;\">Petkim Port Container Terminal, Capacity Increase<\/p>\n<p><\/div><style>.porto-u-5284.porto-u-heading{text-align:left}<\/style><\/div>[\/vc_column][vc_column width=&#8221;1\/4&#8243;]<div class=\"porto-ultimate-content-box-container \"><style>#porto_ucb_5811{will-change: box-shadow;box-shadow: none;}#porto_ucb_5811:hover{box-shadow:none}<\/style><div class=\"porto-ultimate-content-box has-content-pos justify-content-end\" style=\"background-image:url(&#039;https:\/\/dolsar.com.tr\/eng\/wp-content\/uploads\/2021\/04\/ulasim-10.jpg&#039;);background-size: cover;background-repeat: no-repeat;background-position: center center;background-color: rgba(0, 0, 0, 0);\" id=\"porto_ucb_5811\">[vc_empty_space height=&#8221;200px&#8221;]<\/div><\/div><div class=\"porto-u-heading  wpb_custom_95aa9a11c17ad45cfabaf210d84ee7cc porto-u-2403\"><div class=\"porto-u-sub-heading\" style=\"\">\n<p style=\"text-align: center;\">Kaya\u015f-K\u0131r\u0131kkale Railway<\/p>\n<p><\/div><style>.porto-u-2403.porto-u-heading{text-align:left}<\/style><\/div>[\/vc_column][vc_column width=&#8221;1\/4&#8243;]<div class=\"porto-ultimate-content-box-container \"><style>#porto_ucb_1470{will-change: box-shadow;box-shadow: none;}#porto_ucb_1470:hover{box-shadow:none}<\/style><div class=\"porto-ultimate-content-box has-content-pos justify-content-end\" style=\"background-image:url(&#039;https:\/\/dolsar.com.tr\/eng\/wp-content\/uploads\/2021\/08\/x1.jpg&#039;);background-size: cover;background-repeat: no-repeat;background-position: center center;background-color: rgba(0, 0, 0, 0);\" id=\"porto_ucb_1470\">[vc_empty_space height=&#8221;200px&#8221;]<\/div><\/div><div class=\"porto-u-heading  wpb_custom_95aa9a11c17ad45cfabaf210d84ee7cc porto-u-3785\"><div class=\"porto-u-sub-heading\" style=\"\">\n<p style=\"text-align: center;\">Bal\u0131kesir Northern Peripheral Highway<\/p>\n<p><\/div><style>.porto-u-3785.porto-u-heading{text-align:left}<\/style><\/div>[\/vc_column][vc_column width=&#8221;1\/4&#8243;]<div class=\"porto-ultimate-content-box-container \"><style>#porto_ucb_3981{will-change: box-shadow;box-shadow: none;}#porto_ucb_3981:hover{box-shadow:none}<\/style><div class=\"porto-ultimate-content-box has-content-pos justify-content-end\" style=\"background-image:url(&#039;https:\/\/dolsar.com.tr\/eng\/wp-content\/uploads\/2021\/04\/ulasim-12.jpg&#039;);background-size: cover;background-repeat: no-repeat;background-position: center center;background-color: rgba(0, 0, 0, 0);\" id=\"porto_ucb_3981\">[vc_empty_space height=&#8221;200px&#8221;]<\/div><\/div><div class=\"porto-u-heading  wpb_custom_95aa9a11c17ad45cfabaf210d84ee7cc porto-u-9324\"><div class=\"porto-u-sub-heading\" style=\"\">\n<p style=\"text-align: center;\">Artvin-Erzurum State Road<\/p>\n<p><\/div><style>.porto-u-9324.porto-u-heading{text-align:left}<\/style><\/div>[\/vc_column][\/vc_row][vc_row parallax=&#8221;content-moving&#8221;][vc_column width=&#8221;1\/4&#8243;]<div class=\"porto-ultimate-content-box-container \"><style>#porto_ucb_2021{will-change: box-shadow;box-shadow: none;}#porto_ucb_2021:hover{box-shadow:none}<\/style><div class=\"porto-ultimate-content-box has-content-pos justify-content-end\" style=\"background-image:url(&#039;https:\/\/dolsar.com.tr\/eng\/wp-content\/uploads\/2021\/04\/ulasim-13.jpg&#039;);background-size: cover;background-repeat: no-repeat;background-position: center center;background-color: rgba(0, 0, 0, 0);\" id=\"porto_ucb_2021\">[vc_empty_space height=&#8221;200px&#8221;]<\/div><\/div><div class=\"porto-u-heading  wpb_custom_95aa9a11c17ad45cfabaf210d84ee7cc porto-u-5673\"><div class=\"porto-u-sub-heading\" style=\"\">\n<p style=\"text-align: center;\">Master Plan for Hinterland Highway and Railroad Connections of Sea Ports in Turkey<\/p>\n<p><\/div><style>.porto-u-5673.porto-u-heading{text-align:left}<\/style><\/div>[\/vc_column][vc_column width=&#8221;1\/4&#8243;]<div class=\"porto-ultimate-content-box-container \"><style>#porto_ucb_2070{will-change: box-shadow;box-shadow: none;}#porto_ucb_2070:hover{box-shadow:none}<\/style><div class=\"porto-ultimate-content-box has-content-pos justify-content-end\" style=\"background-image:url(&#039;https:\/\/dolsar.com.tr\/eng\/wp-content\/uploads\/2021\/04\/ulasim-14.jpg&#039;);background-size: cover;background-repeat: no-repeat;background-position: center center;background-color: rgba(0, 0, 0, 0);\" id=\"porto_ucb_2070\">[vc_empty_space height=&#8221;200px&#8221;]<\/div><\/div><div class=\"porto-u-heading  wpb_custom_95aa9a11c17ad45cfabaf210d84ee7cc porto-u-3290\"><div class=\"porto-u-sub-heading\" style=\"\">\n<p style=\"text-align: center;\">Coastal Fishery Structures in Turkey Master Plan<\/p>\n<p><\/div><style>.porto-u-3290.porto-u-heading{text-align:left}<\/style><\/div>[\/vc_column][vc_column width=&#8221;1\/4&#8243;]<div class=\"porto-ultimate-content-box-container \"><style>#porto_ucb_6823{will-change: box-shadow;box-shadow: none;}#porto_ucb_6823:hover{box-shadow:none}<\/style><div class=\"porto-ultimate-content-box has-content-pos justify-content-end\" style=\"background-image:url(&#039;https:\/\/dolsar.com.tr\/eng\/wp-content\/uploads\/2021\/04\/ulasim-15.jpg&#039;);background-size: cover;background-repeat: no-repeat;background-position: center center;background-color: rgba(0, 0, 0, 0);\" id=\"porto_ucb_6823\">[vc_empty_space height=&#8221;200px&#8221;]<\/div><\/div><div class=\"porto-u-heading  wpb_custom_95aa9a11c17ad45cfabaf210d84ee7cc porto-u-7048\"><div class=\"porto-u-sub-heading\" style=\"\">\n<p style=\"text-align: center;\">Silifke-Mut State Highhway<\/p>\n<p><\/div><style>.porto-u-7048.porto-u-heading{text-align:left}<\/style><\/div>[\/vc_column][vc_column width=&#8221;1\/4&#8243;]<div class=\"porto-ultimate-content-box-container \"><style>#porto_ucb_8226{will-change: box-shadow;box-shadow: none;}#porto_ucb_8226:hover{box-shadow:none}<\/style><div class=\"porto-ultimate-content-box has-content-pos justify-content-end\" style=\"background-image:url(&#039;https:\/\/dolsar.com.tr\/eng\/wp-content\/uploads\/2021\/04\/ulasim-16.jpg&#039;);background-size: cover;background-repeat: no-repeat;background-position: center center;background-color: rgba(0, 0, 0, 0);\" id=\"porto_ucb_8226\">[vc_empty_space height=&#8221;200px&#8221;]<\/div><\/div><div class=\"porto-u-heading  wpb_custom_95aa9a11c17ad45cfabaf210d84ee7cc porto-u-7255\"><div class=\"porto-u-sub-heading\" style=\"\">\n<p style=\"text-align: center;\">Derince Port<\/p>\n<p><\/div><style>.porto-u-7255.porto-u-heading{text-align:left}<\/style><\/div>[\/vc_column][\/vc_row]<\/p>\n<\/section>","protected":false},"excerpt":{"rendered":"<p>[vc_row][vc_column][vc_empty_space height=&#8221;10px&#8221;][vc_empty_space height=&#8221;10px&#8221;][\/vc_column][\/vc_row][vc_row parallax=&#8221;content-moving&#8221;][vc_column width=&#8221;1\/4&#8243;][\/vc_column][vc_column width=&#8221;1\/4&#8243;][\/vc_column][vc_column width=&#8221;1\/4&#8243;][\/vc_column][vc_column width=&#8221;1\/4&#8243;][\/vc_column][\/vc_row][vc_row parallax=&#8221;content-moving&#8221;][vc_column width=&#8221;1\/4&#8243;][\/vc_column][vc_column width=&#8221;1\/4&#8243;][\/vc_column][vc_column width=&#8221;1\/4&#8243;][\/vc_column][vc_column width=&#8221;1\/4&#8243;][\/vc_column][\/vc_row][vc_row parallax=&#8221;content-moving&#8221;][vc_column width=&#8221;1\/4&#8243;][\/vc_column][vc_column width=&#8221;1\/4&#8243;][\/vc_column][vc_column width=&#8221;1\/4&#8243;][\/vc_column][vc_column width=&#8221;1\/4&#8243;][\/vc_column][\/vc_row][vc_row parallax=&#8221;content-moving&#8221;][vc_column width=&#8221;1\/4&#8243;][\/vc_column][vc_column width=&#8221;1\/4&#8243;][\/vc_column][vc_column width=&#8221;1\/4&#8243;][\/vc_column][vc_column width=&#8221;1\/4&#8243;][\/vc_column][\/vc_row]<\/p>\n","protected":false},"author":1,"featured_media":0,"parent":0,"menu_order":0,"comment_status":"closed","ping_status":"closed","template":"","meta":{"footnotes":""},"class_list":["post-615","page","type-page","status-publish","hentry"],"_links":{"self":[{"href":"https:\/\/dolsar.com.tr\/eng\/wp-json\/wp\/v2\/pages\/615","targetHints":{"allow":["GET"]}}],"collection":[{"href":"https:\/\/dolsar.com.tr\/eng\/wp-json\/wp\/v2\/pages"}],"about":[{"href":"https:\/\/dolsar.com.tr\/eng\/wp-json\/wp\/v2\/types\/page"}],"author":[{"embeddable":true,"href":"https:\/\/dolsar.com.tr\/eng\/wp-json\/wp\/v2\/users\/1"}],"replies":[{"embeddable":true,"href":"https:\/\/dolsar.com.tr\/eng\/wp-json\/wp\/v2\/comments?post=615"}],"version-history":[{"count":0,"href":"https:\/\/dolsar.com.tr\/eng\/wp-json\/wp\/v2\/pages\/615\/revisions"}],"wp:attachment":[{"href":"https:\/\/dolsar.com.tr\/eng\/wp-json\/wp\/v2\/media?parent=615"}],"curies":[{"name":"wp","href":"https:\/\/api.w.org\/{rel}","templated":true}]}}