{"id":617,"date":"2021-04-21T19:07:46","date_gmt":"2021-04-21T16:07:46","guid":{"rendered":"http:\/\/dolsar.com.tr\/eng\/?page_id=617"},"modified":"2021-08-18T16:07:14","modified_gmt":"2021-08-18T13:07:14","slug":"project-environment","status":"publish","type":"page","link":"https:\/\/dolsar.com.tr\/eng\/project-environment\/","title":{"rendered":"Environment"},"content":{"rendered":"<section class=\"wpb-content-wrapper\"><p>[vc_row][vc_column][vc_empty_space height=&#8221;10px&#8221;]<div class=\"porto-u-heading  wpb_custom_95aa9a11c17ad45cfabaf210d84ee7cc porto-u-1434\" data-appear-animation=\"fadeInUp\" data-appear-animation-delay=\"100\"><div class=\"porto-u-main-heading\"><h2   style=\"font-weight:700;color:#4c4c4c;margin-bottom: 30px;font-size:32px;line-height:20px;\">Environment<\/h2><\/div><style>.porto-u-1434.porto-u-heading{text-align:center}<\/style><\/div>[vc_empty_space height=&#8221;10px&#8221;][\/vc_column][\/vc_row][vc_row parallax=&#8221;content-moving&#8221;][vc_column width=&#8221;1\/4&#8243;]<div class=\"porto-ultimate-content-box-container \"><style>#porto_ucb_4485{will-change: box-shadow;box-shadow: none;}#porto_ucb_4485:hover{box-shadow:none}<\/style><div class=\"porto-ultimate-content-box has-content-pos justify-content-end\" style=\"background-image:url(&#039;https:\/\/dolsar.com.tr\/eng\/wp-content\/uploads\/2021\/04\/cevre-1.jpg&#039;);background-size: cover;background-repeat: no-repeat;background-position: center center;background-color: rgba(0, 0, 0, 0);\" id=\"porto_ucb_4485\">[vc_empty_space height=&#8221;200px&#8221;]<\/div><\/div><div class=\"porto-u-heading  wpb_custom_95aa9a11c17ad45cfabaf210d84ee7cc porto-u-7837\"><div class=\"porto-u-sub-heading\" style=\"\">\n<p style=\"text-align: center;\">Marmara Basin Flood Management Plan<\/p>\n<p><\/div><style>.porto-u-7837.porto-u-heading{text-align:left}<\/style><\/div>[\/vc_column][vc_column width=&#8221;1\/4&#8243;]<div class=\"porto-ultimate-content-box-container \"><style>#porto_ucb_1029{will-change: box-shadow;box-shadow: none;}#porto_ucb_1029:hover{box-shadow:none}<\/style><div class=\"porto-ultimate-content-box has-content-pos justify-content-end\" style=\"background-image:url(&#039;https:\/\/dolsar.com.tr\/eng\/wp-content\/uploads\/2021\/08\/c2.jpg&#039;);background-size: cover;background-repeat: no-repeat;background-position: center center;background-color: rgba(0, 0, 0, 0);\" id=\"porto_ucb_1029\">[vc_empty_space height=&#8221;200px&#8221;]<\/div><\/div><div class=\"porto-u-heading  wpb_custom_95aa9a11c17ad45cfabaf210d84ee7cc porto-u-4918\"><div class=\"porto-u-sub-heading\" style=\"\">\n<p style=\"text-align: center;\">Drought Management Plan for K\u0131z\u0131l\u0131rmak Basin<\/p>\n<p><\/div><style>.porto-u-4918.porto-u-heading{text-align:left}<\/style><\/div>[\/vc_column][vc_column width=&#8221;1\/4&#8243;]<div class=\"porto-ultimate-content-box-container \"><style>#porto_ucb_7566{will-change: box-shadow;box-shadow: none;}#porto_ucb_7566:hover{box-shadow:none}<\/style><div class=\"porto-ultimate-content-box has-content-pos justify-content-end\" style=\"background-image:url(&#039;https:\/\/dolsar.com.tr\/eng\/wp-content\/uploads\/2021\/04\/cevre-3.jpg&#039;);background-size: cover;background-repeat: no-repeat;background-position: center center;background-color: rgba(0, 0, 0, 0);\" id=\"porto_ucb_7566\">[vc_empty_space height=&#8221;200px&#8221;]<\/div><\/div><div class=\"porto-u-heading  wpb_custom_95aa9a11c17ad45cfabaf210d84ee7cc porto-u-4330\"><div class=\"porto-u-sub-heading\" style=\"\">\n<p style=\"text-align: center;\">Edirne-Ergene Planning Flood Protection<\/p>\n<p><\/div><style>.porto-u-4330.porto-u-heading{text-align:left}<\/style><\/div>[\/vc_column][vc_column width=&#8221;1\/4&#8243;]<div class=\"porto-ultimate-content-box-container \"><style>#porto_ucb_8639{will-change: box-shadow;box-shadow: none;}#porto_ucb_8639:hover{box-shadow:none}<\/style><div class=\"porto-ultimate-content-box has-content-pos justify-content-end\" style=\"background-image:url(&#039;https:\/\/dolsar.com.tr\/eng\/wp-content\/uploads\/2021\/04\/cevre-4.jpg&#039;);background-size: cover;background-repeat: no-repeat;background-position: center center;background-color: rgba(0, 0, 0, 0);\" id=\"porto_ucb_8639\">[vc_empty_space height=&#8221;200px&#8221;]<\/div><\/div><div class=\"porto-u-heading  wpb_custom_95aa9a11c17ad45cfabaf210d84ee7cc porto-u-1698\"><div class=\"porto-u-sub-heading\" style=\"\">\n<p style=\"text-align: center;\">Technical Assistance on Economic Analysis within River Basin Management Plans and Efficiency Aspects in 3 Pilot Basins<\/p>\n<p><\/div><style>.porto-u-1698.porto-u-heading{text-align:left}<\/style><\/div>[\/vc_column][\/vc_row][vc_row parallax=&#8221;content-moving&#8221;][vc_column width=&#8221;1\/4&#8243;]<div class=\"porto-ultimate-content-box-container \"><style>#porto_ucb_9649{will-change: box-shadow;box-shadow: none;}#porto_ucb_9649:hover{box-shadow:none}<\/style><div class=\"porto-ultimate-content-box has-content-pos justify-content-end\" style=\"background-image:url(&#039;https:\/\/dolsar.com.tr\/eng\/wp-content\/uploads\/2021\/04\/cevre-5.jpg&#039;);background-size: cover;background-repeat: no-repeat;background-position: center center;background-color: rgba(0, 0, 0, 0);\" id=\"porto_ucb_9649\">[vc_empty_space height=&#8221;200px&#8221;]<\/div><\/div><div class=\"porto-u-heading  wpb_custom_95aa9a11c17ad45cfabaf210d84ee7cc porto-u-7789\"><div class=\"porto-u-sub-heading\" style=\"\">\n<p style=\"text-align: center;\">Needs Assesment of Wastewater and Solid Waste Facilities<\/p>\n<p><\/div><style>.porto-u-7789.porto-u-heading{text-align:left}<\/style><\/div>[\/vc_column][vc_column width=&#8221;1\/4&#8243;]<div class=\"porto-ultimate-content-box-container \"><style>#porto_ucb_6512{will-change: box-shadow;box-shadow: none;}#porto_ucb_6512:hover{box-shadow:none}<\/style><div class=\"porto-ultimate-content-box has-content-pos justify-content-end\" style=\"background-image:url(&#039;https:\/\/dolsar.com.tr\/eng\/wp-content\/uploads\/2021\/04\/cevre-6.jpg&#039;);background-size: cover;background-repeat: no-repeat;background-position: center center;background-color: rgba(0, 0, 0, 0);\" id=\"porto_ucb_6512\">[vc_empty_space height=&#8221;200px&#8221;]<\/div><\/div><div class=\"porto-u-heading  wpb_custom_95aa9a11c17ad45cfabaf210d84ee7cc porto-u-6322\"><div class=\"porto-u-sub-heading\" style=\"\">\n<p style=\"text-align: center;\">Pa\u015fak\u00f6y Wastewater Treatment Plant<\/p>\n<p><\/div><style>.porto-u-6322.porto-u-heading{text-align:left}<\/style><\/div>[\/vc_column][vc_column width=&#8221;1\/4&#8243;]<div class=\"porto-ultimate-content-box-container \"><style>#porto_ucb_1464{will-change: box-shadow;box-shadow: none;}#porto_ucb_1464:hover{box-shadow:none}<\/style><div class=\"porto-ultimate-content-box has-content-pos justify-content-end\" style=\"background-image:url(&#039;https:\/\/dolsar.com.tr\/eng\/wp-content\/uploads\/2021\/04\/cevre-7.jpg&#039;);background-size: cover;background-repeat: no-repeat;background-position: center center;background-color: rgba(0, 0, 0, 0);\" id=\"porto_ucb_1464\">[vc_empty_space height=&#8221;200px&#8221;]<\/div><\/div><div class=\"porto-u-heading  wpb_custom_95aa9a11c17ad45cfabaf210d84ee7cc porto-u-5110\"><div class=\"porto-u-sub-heading\" style=\"\">\n<p style=\"text-align: center;\">Gaziantep (D\u00fczba\u011f and Kartalkaya) Potable Water Treatment Plant<\/p>\n<p><\/div><style>.porto-u-5110.porto-u-heading{text-align:left}<\/style><\/div>[\/vc_column][vc_column width=&#8221;1\/4&#8243;]<div class=\"porto-ultimate-content-box-container \"><style>#porto_ucb_3957{will-change: box-shadow;box-shadow: none;}#porto_ucb_3957:hover{box-shadow:none}<\/style><div class=\"porto-ultimate-content-box has-content-pos justify-content-end\" style=\"background-image:url(&#039;https:\/\/dolsar.com.tr\/eng\/wp-content\/uploads\/2021\/04\/cevre-8.jpg&#039;);background-size: cover;background-repeat: no-repeat;background-position: center center;background-color: rgba(0, 0, 0, 0);\" id=\"porto_ucb_3957\">[vc_empty_space height=&#8221;200px&#8221;]<\/div><\/div><div class=\"porto-u-heading  wpb_custom_95aa9a11c17ad45cfabaf210d84ee7cc porto-u-1433\"><div class=\"porto-u-sub-heading\" style=\"\">\n<p style=\"text-align: center;\">Drought Management Plan for Antalya and Burdur Basins<\/p>\n<p><\/div><style>.porto-u-1433.porto-u-heading{text-align:left}<\/style><\/div>[\/vc_column][\/vc_row][vc_row parallax=&#8221;content-moving&#8221;][vc_column width=&#8221;1\/4&#8243;]<div class=\"porto-ultimate-content-box-container \"><style>#porto_ucb_8745{will-change: box-shadow;box-shadow: none;}#porto_ucb_8745:hover{box-shadow:none}<\/style><div class=\"porto-ultimate-content-box has-content-pos justify-content-end\" style=\"background-image:url(&#039;https:\/\/dolsar.com.tr\/eng\/wp-content\/uploads\/2021\/04\/cevre-9.jpg&#039;);background-size: cover;background-repeat: no-repeat;background-position: center center;background-color: rgba(0, 0, 0, 0);\" id=\"porto_ucb_8745\">[vc_empty_space height=&#8221;200px&#8221;]<\/div><\/div><div class=\"porto-u-heading  wpb_custom_95aa9a11c17ad45cfabaf210d84ee7cc porto-u-3215\"><div class=\"porto-u-sub-heading\" style=\"\">\n<p style=\"text-align: center;\">Arkun Dam and HEPP-EIA Report and EIA Monitoring<\/p>\n<p><\/div><style>.porto-u-3215.porto-u-heading{text-align:left}<\/style><\/div>[\/vc_column][vc_column width=&#8221;1\/4&#8243;]<div class=\"porto-ultimate-content-box-container \"><style>#porto_ucb_9079{will-change: box-shadow;box-shadow: none;}#porto_ucb_9079:hover{box-shadow:none}<\/style><div class=\"porto-ultimate-content-box has-content-pos justify-content-end\" style=\"background-image:url(&#039;https:\/\/dolsar.com.tr\/eng\/wp-content\/uploads\/2021\/04\/cevre-10.jpg&#039;);background-size: cover;background-repeat: no-repeat;background-position: center center;background-color: rgba(0, 0, 0, 0);\" id=\"porto_ucb_9079\">[vc_empty_space height=&#8221;200px&#8221;]<\/div><\/div><div class=\"porto-u-heading  wpb_custom_95aa9a11c17ad45cfabaf210d84ee7cc porto-u-5273\"><div class=\"porto-u-sub-heading\" style=\"\">\n<p style=\"text-align: center;\">Drought Management Plan for Konya Basin<\/p>\n<p><\/div><style>.porto-u-5273.porto-u-heading{text-align:left}<\/style><\/div>[\/vc_column][vc_column width=&#8221;1\/4&#8243;]<div class=\"porto-ultimate-content-box-container \"><style>#porto_ucb_7329{will-change: box-shadow;box-shadow: none;}#porto_ucb_7329:hover{box-shadow:none}<\/style><div class=\"porto-ultimate-content-box has-content-pos justify-content-end\" style=\"background-image:url(&#039;https:\/\/dolsar.com.tr\/eng\/wp-content\/uploads\/2021\/04\/cevre-11.jpg&#039;);background-size: cover;background-repeat: no-repeat;background-position: center center;background-color: rgba(0, 0, 0, 0);\" id=\"porto_ucb_7329\">[vc_empty_space height=&#8221;200px&#8221;]<\/div><\/div><div class=\"porto-u-heading  wpb_custom_95aa9a11c17ad45cfabaf210d84ee7cc porto-u-8338\"><div class=\"porto-u-sub-heading\" style=\"\">\n<p style=\"text-align: center;\">Izmit Urban and Industrial Water Supply, Potable Water Treatment Plant<\/p>\n<p><\/div><style>.porto-u-8338.porto-u-heading{text-align:left}<\/style><\/div>[\/vc_column][vc_column width=&#8221;1\/4&#8243;]<div class=\"porto-ultimate-content-box-container \"><style>#porto_ucb_7553{will-change: box-shadow;box-shadow: none;}#porto_ucb_7553:hover{box-shadow:none}<\/style><div class=\"porto-ultimate-content-box has-content-pos justify-content-end\" style=\"background-image:url(&#039;https:\/\/dolsar.com.tr\/eng\/wp-content\/uploads\/2021\/04\/cevre-12.jpg&#039;);background-size: cover;background-repeat: no-repeat;background-position: center center;background-color: rgba(0, 0, 0, 0);\" id=\"porto_ucb_7553\">[vc_empty_space height=&#8221;200px&#8221;]<\/div><\/div><div class=\"porto-u-heading  wpb_custom_95aa9a11c17ad45cfabaf210d84ee7cc porto-u-6050\"><div class=\"porto-u-sub-heading\" style=\"\">\n<p style=\"text-align: center;\">Fethiye Wastewater Management<\/p>\n<p><\/div><style>.porto-u-6050.porto-u-heading{text-align:left}<\/style><\/div>[\/vc_column][\/vc_row][vc_row parallax=&#8221;content-moving&#8221;][vc_column width=&#8221;1\/4&#8243;]<div class=\"porto-ultimate-content-box-container \"><style>#porto_ucb_3406{will-change: box-shadow;box-shadow: none;}#porto_ucb_3406:hover{box-shadow:none}<\/style><div class=\"porto-ultimate-content-box has-content-pos justify-content-end\" style=\"background-image:url(&#039;https:\/\/dolsar.com.tr\/eng\/wp-content\/uploads\/2021\/04\/cevre13.jpg&#039;);background-size: cover;background-repeat: no-repeat;background-position: center center;background-color: rgba(0, 0, 0, 0);\" id=\"porto_ucb_3406\">[vc_empty_space height=&#8221;200px&#8221;]<\/div><\/div><div class=\"porto-u-heading  wpb_custom_95aa9a11c17ad45cfabaf210d84ee7cc porto-u-5832\"><div class=\"porto-u-sub-heading\" style=\"\">\n<p style=\"text-align: center;\">\u00c7ank\u0131r\u0131 Potable Water Treatment Plant<\/p>\n<p><\/div><style>.porto-u-5832.porto-u-heading{text-align:left}<\/style><\/div>[\/vc_column][vc_column width=&#8221;1\/4&#8243;]<div class=\"porto-ultimate-content-box-container \"><style>#porto_ucb_3175{will-change: box-shadow;box-shadow: none;}#porto_ucb_3175:hover{box-shadow:none}<\/style><div class=\"porto-ultimate-content-box has-content-pos justify-content-end\" style=\"background-image:url(&#039;https:\/\/dolsar.com.tr\/eng\/wp-content\/uploads\/2021\/04\/cevre-14.jpg&#039;);background-size: cover;background-repeat: no-repeat;background-position: center center;background-color: rgba(0, 0, 0, 0);\" id=\"porto_ucb_3175\">[vc_empty_space height=&#8221;200px&#8221;]<\/div><\/div><div class=\"porto-u-heading  wpb_custom_95aa9a11c17ad45cfabaf210d84ee7cc porto-u-3815\"><div class=\"porto-u-sub-heading\" style=\"\">\n<p style=\"text-align: center;\">Gebze (Kocaeli) Wastewater Treatment Plant<\/p>\n<p><\/div><style>.porto-u-3815.porto-u-heading{text-align:left}<\/style><\/div>[\/vc_column][vc_column width=&#8221;1\/4&#8243;]<div class=\"porto-ultimate-content-box-container \"><style>#porto_ucb_6338{will-change: box-shadow;box-shadow: none;}#porto_ucb_6338:hover{box-shadow:none}<\/style><div class=\"porto-ultimate-content-box has-content-pos justify-content-end\" style=\"background-image:url(&#039;https:\/\/dolsar.com.tr\/eng\/wp-content\/uploads\/2021\/04\/cevre-15.jpg&#039;);background-size: cover;background-repeat: no-repeat;background-position: center center;background-color: rgba(0, 0, 0, 0);\" id=\"porto_ucb_6338\">[vc_empty_space height=&#8221;200px&#8221;]<\/div><\/div><div class=\"porto-u-heading  wpb_custom_95aa9a11c17ad45cfabaf210d84ee7cc porto-u-9109\"><div class=\"porto-u-sub-heading\" style=\"\">\n<p style=\"text-align: center;\">Siirt Solid Waste Management Project<\/p>\n<p><\/div><style>.porto-u-9109.porto-u-heading{text-align:left}<\/style><\/div>[\/vc_column][vc_column width=&#8221;1\/4&#8243;]<div class=\"porto-ultimate-content-box-container \"><style>#porto_ucb_7086{will-change: box-shadow;box-shadow: none;}#porto_ucb_7086:hover{box-shadow:none}<\/style><div class=\"porto-ultimate-content-box has-content-pos justify-content-end\" style=\"background-image:url(&#039;https:\/\/dolsar.com.tr\/eng\/wp-content\/uploads\/2021\/04\/cevre-16.jpg&#039;);background-size: cover;background-repeat: no-repeat;background-position: center center;background-color: rgba(0, 0, 0, 0);\" id=\"porto_ucb_7086\">[vc_empty_space height=&#8221;200px&#8221;]<\/div><\/div><div class=\"porto-u-heading  wpb_custom_95aa9a11c17ad45cfabaf210d84ee7cc porto-u-7739\"><div class=\"porto-u-sub-heading\" style=\"\">\n<p style=\"text-align: center;\">\u00c7andarl\u0131 Port &#8211; EIA<\/p>\n<p><\/div><style>.porto-u-7739.porto-u-heading{text-align:left}<\/style><\/div>[\/vc_column][\/vc_row]<\/p>\n<\/section>","protected":false},"excerpt":{"rendered":"<p>[vc_row][vc_column][vc_empty_space height=&#8221;10px&#8221;][vc_empty_space height=&#8221;10px&#8221;][\/vc_column][\/vc_row][vc_row parallax=&#8221;content-moving&#8221;][vc_column width=&#8221;1\/4&#8243;][\/vc_column][vc_column width=&#8221;1\/4&#8243;][\/vc_column][vc_column width=&#8221;1\/4&#8243;][\/vc_column][vc_column width=&#8221;1\/4&#8243;][\/vc_column][\/vc_row][vc_row parallax=&#8221;content-moving&#8221;][vc_column width=&#8221;1\/4&#8243;][\/vc_column][vc_column width=&#8221;1\/4&#8243;][\/vc_column][vc_column width=&#8221;1\/4&#8243;][\/vc_column][vc_column width=&#8221;1\/4&#8243;][\/vc_column][\/vc_row][vc_row parallax=&#8221;content-moving&#8221;][vc_column width=&#8221;1\/4&#8243;][\/vc_column][vc_column width=&#8221;1\/4&#8243;][\/vc_column][vc_column width=&#8221;1\/4&#8243;][\/vc_column][vc_column width=&#8221;1\/4&#8243;][\/vc_column][\/vc_row][vc_row parallax=&#8221;content-moving&#8221;][vc_column width=&#8221;1\/4&#8243;][\/vc_column][vc_column width=&#8221;1\/4&#8243;][\/vc_column][vc_column width=&#8221;1\/4&#8243;][\/vc_column][vc_column width=&#8221;1\/4&#8243;][\/vc_column][\/vc_row]<\/p>\n","protected":false},"author":1,"featured_media":0,"parent":0,"menu_order":0,"comment_status":"closed","ping_status":"closed","template":"","meta":{"footnotes":""},"class_list":["post-617","page","type-page","status-publish","hentry"],"_links":{"self":[{"href":"https:\/\/dolsar.com.tr\/eng\/wp-json\/wp\/v2\/pages\/617","targetHints":{"allow":["GET"]}}],"collection":[{"href":"https:\/\/dolsar.com.tr\/eng\/wp-json\/wp\/v2\/pages"}],"about":[{"href":"https:\/\/dolsar.com.tr\/eng\/wp-json\/wp\/v2\/types\/page"}],"author":[{"embeddable":true,"href":"https:\/\/dolsar.com.tr\/eng\/wp-json\/wp\/v2\/users\/1"}],"replies":[{"embeddable":true,"href":"https:\/\/dolsar.com.tr\/eng\/wp-json\/wp\/v2\/comments?post=617"}],"version-history":[{"count":0,"href":"https:\/\/dolsar.com.tr\/eng\/wp-json\/wp\/v2\/pages\/617\/revisions"}],"wp:attachment":[{"href":"https:\/\/dolsar.com.tr\/eng\/wp-json\/wp\/v2\/media?parent=617"}],"curies":[{"name":"wp","href":"https:\/\/api.w.org\/{rel}","templated":true}]}}