{"id":619,"date":"2021-04-21T19:08:19","date_gmt":"2021-04-21T16:08:19","guid":{"rendered":"http:\/\/dolsar.com.tr\/eng\/?page_id=619"},"modified":"2021-08-18T16:09:21","modified_gmt":"2021-08-18T13:09:21","slug":"projects-buildings","status":"publish","type":"page","link":"https:\/\/dolsar.com.tr\/eng\/projects-buildings\/","title":{"rendered":"Buildings"},"content":{"rendered":"<section class=\"wpb-content-wrapper\"><p>[vc_row][vc_column][vc_empty_space height=&#8221;10px&#8221;]<div class=\"porto-u-heading  wpb_custom_95aa9a11c17ad45cfabaf210d84ee7cc porto-u-5976\" data-appear-animation=\"fadeInUp\" data-appear-animation-delay=\"100\"><div class=\"porto-u-main-heading\"><h2   style=\"font-weight:700;color:#4c4c4c;margin-bottom: 30px;font-size:32px;line-height:20px;\">Buildings<\/h2><\/div><style>.porto-u-5976.porto-u-heading{text-align:center}<\/style><\/div>[vc_empty_space height=&#8221;10px&#8221;][\/vc_column][\/vc_row][vc_row parallax=&#8221;content-moving&#8221;][vc_column width=&#8221;1\/4&#8243;]<div class=\"porto-ultimate-content-box-container \"><style>#porto_ucb_8413{will-change: box-shadow;box-shadow: none;}#porto_ucb_8413:hover{box-shadow:none}<\/style><div class=\"porto-ultimate-content-box has-content-pos justify-content-end\" style=\"background-image:url(&#039;https:\/\/dolsar.com.tr\/eng\/wp-content\/uploads\/2021\/04\/binalar-1.jpg&#039;);background-size: cover;background-repeat: no-repeat;background-position: center center;background-color: rgba(0, 0, 0, 0);\" id=\"porto_ucb_8413\">[vc_empty_space height=&#8221;200px&#8221;]<\/div><\/div><div class=\"porto-u-heading  wpb_custom_95aa9a11c17ad45cfabaf210d84ee7cc porto-u-5575\"><div class=\"porto-u-sub-heading\" style=\"\">\n<p style=\"text-align: center;\">Commercial and Residential Complex in Kampala<\/p>\n<p><\/div><style>.porto-u-5575.porto-u-heading{text-align:left}<\/style><\/div>[\/vc_column][vc_column width=&#8221;1\/4&#8243;]<div class=\"porto-ultimate-content-box-container \"><style>#porto_ucb_1477{will-change: box-shadow;box-shadow: none;}#porto_ucb_1477:hover{box-shadow:none}<\/style><div class=\"porto-ultimate-content-box has-content-pos justify-content-end\" style=\"background-image:url(&#039;https:\/\/dolsar.com.tr\/eng\/wp-content\/uploads\/2021\/04\/binalar-2.jpg&#039;);background-size: cover;background-repeat: no-repeat;background-position: center center;background-color: rgba(0, 0, 0, 0);\" id=\"porto_ucb_1477\">[vc_empty_space height=&#8221;200px&#8221;]<\/div><\/div><div class=\"porto-u-heading  wpb_custom_95aa9a11c17ad45cfabaf210d84ee7cc porto-u-6968\"><div class=\"porto-u-sub-heading\" style=\"\">\n<p style=\"text-align: center;\">Tekirda\u011f City Hospital<\/p>\n<p><\/div><style>.porto-u-6968.porto-u-heading{text-align:left}<\/style><\/div>[\/vc_column][vc_column width=&#8221;1\/4&#8243;]<div class=\"porto-ultimate-content-box-container \"><style>#porto_ucb_1494{will-change: box-shadow;box-shadow: none;}#porto_ucb_1494:hover{box-shadow:none}<\/style><div class=\"porto-ultimate-content-box has-content-pos justify-content-end\" style=\"background-image:url(&#039;https:\/\/dolsar.com.tr\/eng\/wp-content\/uploads\/2021\/04\/binalar-3.jpg&#039;);background-size: cover;background-repeat: no-repeat;background-position: center center;background-color: rgba(0, 0, 0, 0);\" id=\"porto_ucb_1494\">[vc_empty_space height=&#8221;200px&#8221;]<\/div><\/div><div class=\"porto-u-heading  wpb_custom_95aa9a11c17ad45cfabaf210d84ee7cc porto-u-3376\"><div class=\"porto-u-sub-heading\" style=\"\">\n<p style=\"text-align: center;\">G\u00fcm\u00fc\u015fhane Traditional and Organic Products Development Centre<\/p>\n<p><\/div><style>.porto-u-3376.porto-u-heading{text-align:left}<\/style><\/div>[\/vc_column][vc_column width=&#8221;1\/4&#8243;]<div class=\"porto-ultimate-content-box-container \"><style>#porto_ucb_2069{will-change: box-shadow;box-shadow: none;}#porto_ucb_2069:hover{box-shadow:none}<\/style><div class=\"porto-ultimate-content-box has-content-pos justify-content-end\" style=\"background-image:url(&#039;https:\/\/dolsar.com.tr\/eng\/wp-content\/uploads\/2021\/04\/binalar-4.jpg&#039;);background-size: cover;background-repeat: no-repeat;background-position: center center;background-color: rgba(0, 0, 0, 0);\" id=\"porto_ucb_2069\">[vc_empty_space height=&#8221;200px&#8221;]<\/div><\/div><div class=\"porto-u-heading  wpb_custom_95aa9a11c17ad45cfabaf210d84ee7cc porto-u-4601\"><div class=\"porto-u-sub-heading\" style=\"\">\n<p style=\"text-align: center;\">Federal Democratic Republic of Ethiopia Embassy Building and Residence<\/p>\n<p><\/div><style>.porto-u-4601.porto-u-heading{text-align:left}<\/style><\/div>[\/vc_column][\/vc_row][vc_row parallax=&#8221;content-moving&#8221;][vc_column width=&#8221;1\/4&#8243;]<div class=\"porto-ultimate-content-box-container \"><style>#porto_ucb_2693{will-change: box-shadow;box-shadow: none;}#porto_ucb_2693:hover{box-shadow:none}<\/style><div class=\"porto-ultimate-content-box has-content-pos justify-content-end\" style=\"background-image:url(&#039;https:\/\/dolsar.com.tr\/eng\/wp-content\/uploads\/2021\/04\/binalar-5.jpg&#039;);background-size: cover;background-repeat: no-repeat;background-position: center center;background-color: rgba(0, 0, 0, 0);\" id=\"porto_ucb_2693\">[vc_empty_space height=&#8221;200px&#8221;]<\/div><\/div><div class=\"porto-u-heading  wpb_custom_95aa9a11c17ad45cfabaf210d84ee7cc porto-u-2318\"><div class=\"porto-u-sub-heading\" style=\"\">\n<p style=\"text-align: center;\">Sivas Bussiness Development Centre<\/p>\n<p><\/div><style>.porto-u-2318.porto-u-heading{text-align:left}<\/style><\/div>[\/vc_column][vc_column width=&#8221;1\/4&#8243;]<div class=\"porto-ultimate-content-box-container \"><style>#porto_ucb_6239{will-change: box-shadow;box-shadow: none;}#porto_ucb_6239:hover{box-shadow:none}<\/style><div class=\"porto-ultimate-content-box has-content-pos justify-content-end\" style=\"background-image:url(&#039;https:\/\/dolsar.com.tr\/eng\/wp-content\/uploads\/2021\/04\/binalar-6.jpg&#039;);background-size: cover;background-repeat: no-repeat;background-position: center center;background-color: rgba(0, 0, 0, 0);\" id=\"porto_ucb_6239\">[vc_empty_space height=&#8221;200px&#8221;]<\/div><\/div><div class=\"porto-u-heading  wpb_custom_95aa9a11c17ad45cfabaf210d84ee7cc porto-u-3728\"><div class=\"porto-u-sub-heading\" style=\"\">\n<p style=\"text-align: center;\">Eski\u015fehir City Hospital<\/p>\n<p><\/div><style>.porto-u-3728.porto-u-heading{text-align:left}<\/style><\/div>[\/vc_column][vc_column width=&#8221;1\/4&#8243;]<div class=\"porto-ultimate-content-box-container \"><style>#porto_ucb_4466{will-change: box-shadow;box-shadow: none;}#porto_ucb_4466:hover{box-shadow:none}<\/style><div class=\"porto-ultimate-content-box has-content-pos justify-content-end\" style=\"background-image:url(&#039;https:\/\/dolsar.com.tr\/eng\/wp-content\/uploads\/2021\/04\/binalar-7.jpg&#039;);background-size: cover;background-repeat: no-repeat;background-position: center center;background-color: rgba(0, 0, 0, 0);\" id=\"porto_ucb_4466\">[vc_empty_space height=&#8221;200px&#8221;]<\/div><\/div><div class=\"porto-u-heading  wpb_custom_95aa9a11c17ad45cfabaf210d84ee7cc porto-u-1612\"><div class=\"porto-u-sub-heading\" style=\"\">\n<p style=\"text-align: center;\">Bafra Bussiness and Export Development Centre<\/p>\n<p><\/div><style>.porto-u-1612.porto-u-heading{text-align:left}<\/style><\/div>[\/vc_column][vc_column width=&#8221;1\/4&#8243;]<div class=\"porto-ultimate-content-box-container \"><style>#porto_ucb_8092{will-change: box-shadow;box-shadow: none;}#porto_ucb_8092:hover{box-shadow:none}<\/style><div class=\"porto-ultimate-content-box has-content-pos justify-content-end\" style=\"background-image:url(&#039;https:\/\/dolsar.com.tr\/eng\/wp-content\/uploads\/2021\/04\/binalar-8.jpg&#039;);background-size: cover;background-repeat: no-repeat;background-position: center center;background-color: rgba(0, 0, 0, 0);\" id=\"porto_ucb_8092\">[vc_empty_space height=&#8221;200px&#8221;]<\/div><\/div><div class=\"porto-u-heading  wpb_custom_95aa9a11c17ad45cfabaf210d84ee7cc porto-u-1986\"><div class=\"porto-u-sub-heading\" style=\"\">\n<p style=\"text-align: center;\">Isparta City Hospital<\/p>\n<p><\/div><style>.porto-u-1986.porto-u-heading{text-align:left}<\/style><\/div>[\/vc_column][\/vc_row][vc_row parallax=&#8221;content-moving&#8221;][vc_column width=&#8221;1\/4&#8243;]<div class=\"porto-ultimate-content-box-container \"><style>#porto_ucb_3124{will-change: box-shadow;box-shadow: none;}#porto_ucb_3124:hover{box-shadow:none}<\/style><div class=\"porto-ultimate-content-box has-content-pos justify-content-end\" style=\"background-image:url(&#039;https:\/\/dolsar.com.tr\/eng\/wp-content\/uploads\/2021\/04\/binalar-9.jpg&#039;);background-size: cover;background-repeat: no-repeat;background-position: center center;background-color: rgba(0, 0, 0, 0);\" id=\"porto_ucb_3124\">[vc_empty_space height=&#8221;200px&#8221;]<\/div><\/div><div class=\"porto-u-heading  wpb_custom_95aa9a11c17ad45cfabaf210d84ee7cc porto-u-5194\"><div class=\"porto-u-sub-heading\" style=\"\">\n<p style=\"text-align: center;\">Forensic Laboratories<\/p>\n<p><\/div><style>.porto-u-5194.porto-u-heading{text-align:left}<\/style><\/div>[\/vc_column][vc_column width=&#8221;1\/4&#8243;]<div class=\"porto-ultimate-content-box-container \"><style>#porto_ucb_6359{will-change: box-shadow;box-shadow: none;}#porto_ucb_6359:hover{box-shadow:none}<\/style><div class=\"porto-ultimate-content-box has-content-pos justify-content-end\" style=\"background-image:url(&#039;https:\/\/dolsar.com.tr\/eng\/wp-content\/uploads\/2021\/04\/binalar-10.jpg&#039;);background-size: cover;background-repeat: no-repeat;background-position: center center;background-color: rgba(0, 0, 0, 0);\" id=\"porto_ucb_6359\">[vc_empty_space height=&#8221;200px&#8221;]<\/div><\/div><div class=\"porto-u-heading  wpb_custom_95aa9a11c17ad45cfabaf210d84ee7cc porto-u-6770\"><div class=\"porto-u-sub-heading\" style=\"\">\n<p style=\"text-align: center;\">Construction of 40 Schools with in the scope of Istanbul Seismic Risk Mitigation and Emergency Preparedness Project<\/p>\n<p><\/div><style>.porto-u-6770.porto-u-heading{text-align:left}<\/style><\/div>[\/vc_column][vc_column width=&#8221;1\/4&#8243;]<div class=\"porto-ultimate-content-box-container \"><style>#porto_ucb_5705{will-change: box-shadow;box-shadow: none;}#porto_ucb_5705:hover{box-shadow:none}<\/style><div class=\"porto-ultimate-content-box has-content-pos justify-content-end\" style=\"background-image:url(&#039;https:\/\/dolsar.com.tr\/eng\/wp-content\/uploads\/2021\/04\/binalar-11.jpg&#039;);background-size: cover;background-repeat: no-repeat;background-position: center center;background-color: rgba(0, 0, 0, 0);\" id=\"porto_ucb_5705\">[vc_empty_space height=&#8221;200px&#8221;]<\/div><\/div><div class=\"porto-u-heading  wpb_custom_95aa9a11c17ad45cfabaf210d84ee7cc porto-u-5948\"><div class=\"porto-u-sub-heading\" style=\"\">\n<p style=\"text-align: center;\">TAURUS (LA VITA) Shopping Mall<\/p>\n<p><\/div><style>.porto-u-5948.porto-u-heading{text-align:left}<\/style><\/div>[\/vc_column][vc_column width=&#8221;1\/4&#8243;]<div class=\"porto-ultimate-content-box-container \"><style>#porto_ucb_4446{will-change: box-shadow;box-shadow: none;}#porto_ucb_4446:hover{box-shadow:none}<\/style><div class=\"porto-ultimate-content-box has-content-pos justify-content-end\" style=\"background-image:url(&#039;https:\/\/dolsar.com.tr\/eng\/wp-content\/uploads\/2021\/04\/binalar-12.jpg&#039;);background-size: cover;background-repeat: no-repeat;background-position: center center;background-color: rgba(0, 0, 0, 0);\" id=\"porto_ucb_4446\">[vc_empty_space height=&#8221;200px&#8221;]<\/div><\/div><div class=\"porto-u-heading  wpb_custom_95aa9a11c17ad45cfabaf210d84ee7cc porto-u-9837\"><div class=\"porto-u-sub-heading\" style=\"\">\n<p style=\"text-align: center;\">Schools Constructed in Erzurum, Ardahan, Kars, A\u011fr\u0131, Mu\u015f, Bing\u00f6l with in the scope of Support to Basic Education Project<\/p>\n<p><\/div><style>.porto-u-9837.porto-u-heading{text-align:left}<\/style><\/div>[\/vc_column][\/vc_row][vc_row parallax=&#8221;content-moving&#8221;][vc_column width=&#8221;1\/4&#8243;]<div class=\"porto-ultimate-content-box-container \"><style>#porto_ucb_4712{will-change: box-shadow;box-shadow: none;}#porto_ucb_4712:hover{box-shadow:none}<\/style><div class=\"porto-ultimate-content-box has-content-pos justify-content-end\" style=\"background-image:url(&#039;https:\/\/dolsar.com.tr\/eng\/wp-content\/uploads\/2021\/04\/binalar-13.jpg&#039;);background-size: cover;background-repeat: no-repeat;background-position: center center;background-color: rgba(0, 0, 0, 0);\" id=\"porto_ucb_4712\">[vc_empty_space height=&#8221;200px&#8221;]<\/div><\/div><div class=\"porto-u-heading  wpb_custom_95aa9a11c17ad45cfabaf210d84ee7cc porto-u-2078\"><div class=\"porto-u-sub-heading\" style=\"\">\n<p style=\"text-align: center;\">National Food Reference Laboratory<\/p>\n<p><\/div><style>.porto-u-2078.porto-u-heading{text-align:left}<\/style><\/div>[\/vc_column][vc_column width=&#8221;1\/4&#8243;]<div class=\"porto-ultimate-content-box-container \"><style>#porto_ucb_7522{will-change: box-shadow;box-shadow: none;}#porto_ucb_7522:hover{box-shadow:none}<\/style><div class=\"porto-ultimate-content-box has-content-pos justify-content-end\" style=\"background-image:url(&#039;https:\/\/dolsar.com.tr\/eng\/wp-content\/uploads\/2021\/04\/binalar-14.jpg&#039;);background-size: cover;background-repeat: no-repeat;background-position: center center;background-color: rgba(0, 0, 0, 0);\" id=\"porto_ucb_7522\">[vc_empty_space height=&#8221;200px&#8221;]<\/div><\/div><div class=\"porto-u-heading  wpb_custom_95aa9a11c17ad45cfabaf210d84ee7cc porto-u-1610\"><div class=\"porto-u-sub-heading\" style=\"\">\n<p style=\"text-align: center;\">Schools Constructed in \u0130stanbul, Sakarya, Bursa, Antalya, Mersin and Adana with in the scope of Support to Basic Education Project<\/p>\n<p><\/div><style>.porto-u-1610.porto-u-heading{text-align:left}<\/style><\/div>[\/vc_column][vc_column width=&#8221;1\/4&#8243;]<div class=\"porto-ultimate-content-box-container \"><style>#porto_ucb_4902{will-change: box-shadow;box-shadow: none;}#porto_ucb_4902:hover{box-shadow:none}<\/style><div class=\"porto-ultimate-content-box has-content-pos justify-content-end\" style=\"background-image:url(&#039;https:\/\/dolsar.com.tr\/eng\/wp-content\/uploads\/2021\/04\/binalar-15.jpg&#039;);background-size: cover;background-repeat: no-repeat;background-position: center center;background-color: rgba(0, 0, 0, 0);\" id=\"porto_ucb_4902\">[vc_empty_space height=&#8221;200px&#8221;]<\/div><\/div><div class=\"porto-u-heading  wpb_custom_95aa9a11c17ad45cfabaf210d84ee7cc porto-u-5438\"><div class=\"porto-u-sub-heading\" style=\"\">\n<p style=\"text-align: center;\">Schools Constructed in Diyarbak\u0131r, \u015eanl\u0131urfa, Ad\u0131yaman, Siirt with in the scope of Support to Basic Education Project<\/p>\n<p><\/div><style>.porto-u-5438.porto-u-heading{text-align:left}<\/style><\/div>[\/vc_column][vc_column width=&#8221;1\/4&#8243;]<div class=\"porto-ultimate-content-box-container \"><style>#porto_ucb_5788{will-change: box-shadow;box-shadow: none;}#porto_ucb_5788:hover{box-shadow:none}<\/style><div class=\"porto-ultimate-content-box has-content-pos justify-content-end\" style=\"background-image:url(&#039;https:\/\/dolsar.com.tr\/eng\/wp-content\/uploads\/2021\/04\/binalar-16.jpg&#039;);background-size: cover;background-repeat: no-repeat;background-position: center center;background-color: rgba(0, 0, 0, 0);\" id=\"porto_ucb_5788\">[vc_empty_space height=&#8221;200px&#8221;]<\/div><\/div><div class=\"porto-u-heading  wpb_custom_95aa9a11c17ad45cfabaf210d84ee7cc porto-u-5566\"><div class=\"porto-u-sub-heading\" style=\"\">\n<p style=\"text-align: center;\">TERRA1Project, Business Centres in Kocaeli, Yalova and G\u00f6lc\u00fck<\/p>\n<p><\/div><style>.porto-u-5566.porto-u-heading{text-align:left}<\/style><\/div>[\/vc_column][\/vc_row]<\/p>\n<\/section>","protected":false},"excerpt":{"rendered":"<p>[vc_row][vc_column][vc_empty_space height=&#8221;10px&#8221;][vc_empty_space height=&#8221;10px&#8221;][\/vc_column][\/vc_row][vc_row parallax=&#8221;content-moving&#8221;][vc_column width=&#8221;1\/4&#8243;][\/vc_column][vc_column width=&#8221;1\/4&#8243;][\/vc_column][vc_column width=&#8221;1\/4&#8243;][\/vc_column][vc_column width=&#8221;1\/4&#8243;][\/vc_column][\/vc_row][vc_row parallax=&#8221;content-moving&#8221;][vc_column width=&#8221;1\/4&#8243;][\/vc_column][vc_column width=&#8221;1\/4&#8243;][\/vc_column][vc_column width=&#8221;1\/4&#8243;][\/vc_column][vc_column width=&#8221;1\/4&#8243;][\/vc_column][\/vc_row][vc_row parallax=&#8221;content-moving&#8221;][vc_column width=&#8221;1\/4&#8243;][\/vc_column][vc_column width=&#8221;1\/4&#8243;][\/vc_column][vc_column width=&#8221;1\/4&#8243;][\/vc_column][vc_column width=&#8221;1\/4&#8243;][\/vc_column][\/vc_row][vc_row parallax=&#8221;content-moving&#8221;][vc_column width=&#8221;1\/4&#8243;][\/vc_column][vc_column width=&#8221;1\/4&#8243;][\/vc_column][vc_column width=&#8221;1\/4&#8243;][\/vc_column][vc_column width=&#8221;1\/4&#8243;][\/vc_column][\/vc_row]<\/p>\n","protected":false},"author":1,"featured_media":0,"parent":0,"menu_order":0,"comment_status":"closed","ping_status":"closed","template":"","meta":{"footnotes":""},"class_list":["post-619","page","type-page","status-publish","hentry"],"_links":{"self":[{"href":"https:\/\/dolsar.com.tr\/eng\/wp-json\/wp\/v2\/pages\/619","targetHints":{"allow":["GET"]}}],"collection":[{"href":"https:\/\/dolsar.com.tr\/eng\/wp-json\/wp\/v2\/pages"}],"about":[{"href":"https:\/\/dolsar.com.tr\/eng\/wp-json\/wp\/v2\/types\/page"}],"author":[{"embeddable":true,"href":"https:\/\/dolsar.com.tr\/eng\/wp-json\/wp\/v2\/users\/1"}],"replies":[{"embeddable":true,"href":"https:\/\/dolsar.com.tr\/eng\/wp-json\/wp\/v2\/comments?post=619"}],"version-history":[{"count":0,"href":"https:\/\/dolsar.com.tr\/eng\/wp-json\/wp\/v2\/pages\/619\/revisions"}],"wp:attachment":[{"href":"https:\/\/dolsar.com.tr\/eng\/wp-json\/wp\/v2\/media?parent=619"}],"curies":[{"name":"wp","href":"https:\/\/api.w.org\/{rel}","templated":true}]}}